{"id":4690,"date":"2025-04-18T19:58:52","date_gmt":"2025-04-18T19:58:52","guid":{"rendered":"https:\/\/malariabehaviorsurvey.org\/?page_id=4690"},"modified":"2025-04-23T19:00:43","modified_gmt":"2025-04-23T19:00:43","slug":"malaria-behavior-survey-impact","status":"publish","type":"page","link":"https:\/\/malariabehaviorsurvey.org\/pt\/malaria-behavior-survey-impact\/","title":{"rendered":"Impact"},"content":{"rendered":"<div class=\"fusion-fullwidth fullwidth-box fusion-builder-row-1 nonhundred-percent-fullwidth non-hundred-percent-height-scrolling\" style=\"--awb-border-radius-top-left:0px;--awb-border-radius-top-right:0px;--awb-border-radius-bottom-right:0px;--awb-border-radius-bottom-left:0px;--awb-flex-wrap:wrap;\" ><div class=\"fusion-builder-row fusion-row\"><div class=\"fusion-layout-column fusion_builder_column fusion-builder-column-0 fusion_builder_column_1_1 1_1 fusion-one-full fusion-column-first fusion-column-last\" style=\"--awb-bg-size:cover;--awb-margin-top:0px;--awb-margin-bottom:0px;\"><div class=\"fusion-column-wrapper fusion-flex-column-wrapper-legacy\"><div class=\"fusion-sep-clear\"><\/div><div class=\"fusion-separator fusion-full-width-sep\" style=\"margin-left: auto;margin-right: auto;width:100%;\"><div class=\"fusion-separator-border sep-single sep-solid\" style=\"--awb-height:20px;--awb-amount:20px;border-color:#e7e4e2;border-top-width:1px;\"><\/div><\/div><div class=\"fusion-sep-clear\"><\/div><div class=\"fusion-sep-clear\"><\/div><div class=\"fusion-separator fusion-full-width-sep\" style=\"margin-left: auto;margin-right: auto;width:100%;\"><\/div><div class=\"fusion-sep-clear\"><\/div><div class=\"fusion-title title fusion-title-1 fusion-sep-none fusion-title-center fusion-title-text fusion-title-size-three\" style=\"--awb-text-color:#03a9f4;--awb-margin-top-small:0px;--awb-margin-right-small:0px;--awb-margin-bottom-small:20px;--awb-margin-left-small:0px;--awb-font-size:28px;\"><h3 class=\"fusion-title-heading title-heading-center fusion-responsive-typography-calculated\" style=\"margin:0;font-size:1em;--fontSize:28;line-height:1.4;\"><h2>Publications &amp; Articles<\/h2><\/h3><\/div><ul style=\"--awb-size:16px;--awb-item-padding-top:.1px;--awb-item-padding-right:.1px;--awb-item-padding-bottom:.1px;--awb-item-padding-left:.1px;--awb-textcolor:#0d0d0f;--awb-line-height:27.2px;--awb-icon-width:27.2px;--awb-icon-height:27.2px;--awb-icon-margin:11.2px;--awb-content-margin:38.4px;\" class=\"fusion-checklist fusion-checklist-1 type-icons\"><li class=\"fusion-li-item\" style=\"\"><span class=\"icon-wrapper circle-no\"><i class=\"fusion-li-icon fa-link fas\" aria-hidden=\"true\"><\/i><\/span><div class=\"fusion-li-item-content\">\n<p class=\"elementor-heading-title elementor-size-default\">[Blog] <a href=\"https:\/\/ccp.jhu.edu\/2025\/04\/21\/zambia-malaria-behavior-survey-research\/\" target=\"_blank\" rel=\"noopener\">Malaria Prevention Behaviors are Improving in Zambia, New Survey Finds (2025)<\/a><\/p>\n<\/div><\/li><li class=\"fusion-li-item\" style=\"\"><span class=\"icon-wrapper circle-no\"><i class=\"fusion-li-icon fa-link fas\" aria-hidden=\"true\"><\/i><\/span><div class=\"fusion-li-item-content\">\n<p class=\"heading-title\">[Brief] <a href=\"https:\/\/malariabehaviorsurvey.org\/wp-content\/uploads\/2024\/10\/Malaria-in-Pregnancy-SBC-Technical-Brief.pdf\" target=\"_blank\" rel=\"noopener\">Mal\u00e1ria na Gravidez Resumo T\u00e9cnico da SBC: Tend\u00eancias da Pesquisa sobre Comportamento da Mal\u00e1ria (2024)<\/a><\/p>\n<\/div><\/li><li class=\"fusion-li-item\" style=\"\"><span class=\"icon-wrapper circle-no\"><i class=\"fusion-li-icon fa-link fas\" aria-hidden=\"true\"><\/i><\/span><div class=\"fusion-li-item-content\">\n<p class=\"heading-title\">[Manuscript]<a href=\"https:\/\/pubmed.ncbi.nlm.nih.gov\/37364859\/\" target=\"_blank\" rel=\"noopener\"> Fatores psicossociais relacionados \u00e0 mal\u00e1ria, comportamentos passados de busca de cuidados pr\u00e9-natais e futuras inten\u00e7\u00f5es de busca de cuidados pr\u00e9-natais por idade materna no Malawi e na Rep\u00fablica Democr\u00e1tica do Congo (2023)<\/a><\/p>\n<\/div><\/li><li class=\"fusion-li-item\" style=\"\"><span class=\"icon-wrapper circle-no\"><i class=\"fusion-li-icon fa-link fas\" aria-hidden=\"true\"><\/i><\/span><div class=\"fusion-li-item-content\">\n<p class=\"section-heading\">[Podcast]<a class=\"read_more\" href=\"https:\/\/sites.libsyn.com\/369431\/extended-beyond-biology-the-head-heart-and-social-dimensions-of-malaria-control-with-doug-storey-and-mike-toso\" data-iframe-id=\"embed_26979054\"> Beyond Biology: The Head, Heart and Social Dimensions of Malaria Control (2023)<\/a><\/p>\n<\/div><\/li><li class=\"fusion-li-item\" style=\"\"><span class=\"icon-wrapper circle-no\"><i class=\"fusion-li-icon fa-link fas\" aria-hidden=\"true\"><\/i><\/span><div class=\"fusion-li-item-content\">\n<p class=\"section-heading\">[Podcast]<a class=\"read_more\" href=\"https:\/\/sites.libsyn.com\/369431\/how-can-behavioral-science-improve-bed-net-use\" data-iframe-id=\"embed_26844960\"> How Can Behavioral Science Improve Bed Net Use? (2023)<\/a><\/p>\n<\/div><\/li><li class=\"fusion-li-item\" style=\"\"><span class=\"icon-wrapper circle-no\"><i class=\"fusion-li-icon fa-link fas\" aria-hidden=\"true\"><\/i><\/span><div class=\"fusion-li-item-content\">\n[Blog] <a href=\"https:\/\/ccp.jhu.edu\/2023\/04\/24\/malaria-dashboard-data-research\/\" target=\"_blank\" rel=\"noopener\">New Malaria Behavior Survey Dashboard \u2018Like a Swiss Army Knife\u2019 (2023)<\/a><\/p>\n<\/div><\/li><li class=\"fusion-li-item\" style=\"\"><span class=\"icon-wrapper circle-no\"><i class=\"fusion-li-icon fa-link fas\" aria-hidden=\"true\"><\/i><\/span><div class=\"fusion-li-item-content\">\n<p class=\"c-article-title\" data-test=\"article-title\">[Manuscript]<a href=\"https:\/\/malariajournal.biomedcentral.com\/articles\/10.1186\/s12936-022-04384-3\" target=\"_blank\" rel=\"noopener\"> Fatores ideacionais associados ao uso consistente de mosquiteiros tratados com inseticida: uma an\u00e1lise multinacional e multin\u00edvel (2022)<\/a><\/p>\n<\/div><\/li><li class=\"fusion-li-item\" style=\"\"><span class=\"icon-wrapper circle-no\"><i class=\"fusion-li-icon fa-link fas\" aria-hidden=\"true\"><\/i><\/span><div class=\"fusion-li-item-content\">\n[Manuscript]<a href=\"https:\/\/link.springer.com\/article\/10.1186\/s12936-022-04053-5\" target=\"_blank\" rel=\"noopener\"> Fatores ideacionais associados ao comportamento de cuidados com redes: uma an\u00e1lise multinacional (2022)<\/a><\/p>\n<\/div><\/li><li class=\"fusion-li-item\" style=\"\"><span class=\"icon-wrapper circle-no\"><i class=\"fusion-li-icon fa-link fas\" aria-hidden=\"true\"><\/i><\/span><div class=\"fusion-li-item-content\">\n[Blog] <a href=\"https:\/\/ccp.jhu.edu\/2021\/01\/25\/using-behavioral-data-to-prevent-malaria\/\" target=\"_blank\" rel=\"noopener\">Using Behavioral Data to Craft Malaria Prevention Strategies in C\u00f4te d\u2019Ivoire (2021)<\/a><\/p>\n<\/div><\/li><li class=\"fusion-li-item\" style=\"\"><span class=\"icon-wrapper circle-no\"><i class=\"fusion-li-icon fa-link fas\" aria-hidden=\"true\"><\/i><\/span><div class=\"fusion-li-item-content\">\n<p class=\"elementor-heading-title elementor-size-default\">[Blog]<a href=\"https:\/\/ccp.jhu.edu\/2021\/03\/22\/malaria-behavior-survey\/\" target=\"_blank\" rel=\"noopener\"> \u2018The Most Comprehensive Look at Malaria Behaviors You Will Find\u2019 (2021)<\/a><\/p>\n<\/div><\/li><\/ul><div class=\"fusion-content-boxes content-boxes columns row fusion-columns-1 fusion-columns-total-1 fusion-content-boxes-1 content-boxes-icon-with-title content-left\" style=\"--awb-hover-accent-color:#f09a3e;--awb-circle-hover-accent-color:#f09a3e;--awb-item-margin-bottom:40px;\" data-animationoffset=\"top-into-view\"><div style=\"--awb-backgroundcolor:rgba(255,255,255,0);\" class=\"fusion-column content-box-column content-box-column content-box-column-1 col-lg-12 col-md-12 col-sm-12 fusion-content-box-hover content-box-column-last content-box-column-last-in-row\"><div class=\"col content-box-wrapper content-wrapper link-area-box icon-hover-animation-slide\" data-animationoffset=\"top-into-view\"><div class=\"fusion-clearfix\"><\/div><div class=\"content-container\">\n<\/div><\/div><\/div><div class=\"fusion-clearfix\"><\/div><\/div><div class=\"fusion-clearfix\"><\/div><\/div><\/div><\/div><\/div>","protected":false},"excerpt":{"rendered":"","protected":false},"author":8,"featured_media":0,"parent":0,"menu_order":0,"comment_status":"closed","ping_status":"closed","template":"100-width.php","meta":{"footnotes":""},"class_list":["post-4690","page","type-page","status-publish","hentry"],"yoast_head":"<!-- This site is optimized with the Yoast SEO plugin v24.7 - https:\/\/yoast.com\/wordpress\/plugins\/seo\/ -->\n<title>Impact - Malaria Behavior Survey<\/title>\n<meta name=\"robots\" content=\"index, follow, max-snippet:-1, max-image-preview:large, max-video-preview:-1\" \/>\n<link rel=\"canonical\" href=\"https:\/\/malariabehaviorsurvey.org\/pt\/malaria-behavior-survey-impact\/\" \/>\n<meta property=\"og:locale\" content=\"pt_PT\" \/>\n<meta property=\"og:type\" content=\"article\" \/>\n<meta property=\"og:title\" content=\"Impact - Malaria Behavior Survey\" \/>\n<meta property=\"og:url\" content=\"https:\/\/malariabehaviorsurvey.org\/pt\/malaria-behavior-survey-impact\/\" \/>\n<meta property=\"og:site_name\" content=\"Malaria Behavior Survey\" \/>\n<meta property=\"article:modified_time\" content=\"2025-04-23T19:00:43+00:00\" \/>\n<meta name=\"twitter:card\" content=\"summary_large_image\" \/>\n<meta name=\"twitter:label1\" content=\"Tempo estimado de leitura\" \/>\n\t<meta name=\"twitter:data1\" content=\"1 minuto\" \/>\n<script type=\"application\/ld+json\" class=\"yoast-schema-graph\">{\"@context\":\"https:\/\/schema.org\",\"@graph\":[{\"@type\":\"WebPage\",\"@id\":\"https:\/\/malariabehaviorsurvey.org\/malaria-behavior-survey-impact\/\",\"url\":\"https:\/\/malariabehaviorsurvey.org\/malaria-behavior-survey-impact\/\",\"name\":\"Impact - Malaria Behavior Survey\",\"isPartOf\":{\"@id\":\"https:\/\/malariabehaviorsurvey.org\/#website\"},\"datePublished\":\"2025-04-18T19:58:52+00:00\",\"dateModified\":\"2025-04-23T19:00:43+00:00\",\"breadcrumb\":{\"@id\":\"https:\/\/malariabehaviorsurvey.org\/malaria-behavior-survey-impact\/#breadcrumb\"},\"inLanguage\":\"pt-PT\",\"potentialAction\":[{\"@type\":\"ReadAction\",\"target\":[\"https:\/\/malariabehaviorsurvey.org\/malaria-behavior-survey-impact\/\"]}]},{\"@type\":\"BreadcrumbList\",\"@id\":\"https:\/\/malariabehaviorsurvey.org\/malaria-behavior-survey-impact\/#breadcrumb\",\"itemListElement\":[{\"@type\":\"ListItem\",\"position\":1,\"name\":\"Home\",\"item\":\"https:\/\/malariabehaviorsurvey.org\/\"},{\"@type\":\"ListItem\",\"position\":2,\"name\":\"Impact\"}]},{\"@type\":\"WebSite\",\"@id\":\"https:\/\/malariabehaviorsurvey.org\/#website\",\"url\":\"https:\/\/malariabehaviorsurvey.org\/\",\"name\":\"Malaria Behavior Survey\",\"description\":\"\",\"potentialAction\":[{\"@type\":\"SearchAction\",\"target\":{\"@type\":\"EntryPoint\",\"urlTemplate\":\"https:\/\/malariabehaviorsurvey.org\/?s={search_term_string}\"},\"query-input\":{\"@type\":\"PropertyValueSpecification\",\"valueRequired\":true,\"valueName\":\"search_term_string\"}}],\"inLanguage\":\"pt-PT\"}]}<\/script>\n<!-- \/ Yoast SEO plugin. -->","yoast_head_json":{"title":"Impact - Malaria Behavior Survey","robots":{"index":"index","follow":"follow","max-snippet":"max-snippet:-1","max-image-preview":"max-image-preview:large","max-video-preview":"max-video-preview:-1"},"canonical":"https:\/\/malariabehaviorsurvey.org\/pt\/malaria-behavior-survey-impact\/","og_locale":"pt_PT","og_type":"article","og_title":"Impact - Malaria Behavior Survey","og_url":"https:\/\/malariabehaviorsurvey.org\/pt\/malaria-behavior-survey-impact\/","og_site_name":"Malaria Behavior Survey","article_modified_time":"2025-04-23T19:00:43+00:00","twitter_card":"summary_large_image","twitter_misc":{"Tempo estimado de leitura":"1 minuto"},"schema":{"@context":"https:\/\/schema.org","@graph":[{"@type":"WebPage","@id":"https:\/\/malariabehaviorsurvey.org\/malaria-behavior-survey-impact\/","url":"https:\/\/malariabehaviorsurvey.org\/malaria-behavior-survey-impact\/","name":"Impact - Malaria Behavior Survey","isPartOf":{"@id":"https:\/\/malariabehaviorsurvey.org\/#website"},"datePublished":"2025-04-18T19:58:52+00:00","dateModified":"2025-04-23T19:00:43+00:00","breadcrumb":{"@id":"https:\/\/malariabehaviorsurvey.org\/malaria-behavior-survey-impact\/#breadcrumb"},"inLanguage":"pt-PT","potentialAction":[{"@type":"ReadAction","target":["https:\/\/malariabehaviorsurvey.org\/malaria-behavior-survey-impact\/"]}]},{"@type":"BreadcrumbList","@id":"https:\/\/malariabehaviorsurvey.org\/malaria-behavior-survey-impact\/#breadcrumb","itemListElement":[{"@type":"ListItem","position":1,"name":"Home","item":"https:\/\/malariabehaviorsurvey.org\/"},{"@type":"ListItem","position":2,"name":"Impact"}]},{"@type":"WebSite","@id":"https:\/\/malariabehaviorsurvey.org\/#website","url":"https:\/\/malariabehaviorsurvey.org\/","name":"Malaria Behavior Survey","description":"","potentialAction":[{"@type":"SearchAction","target":{"@type":"EntryPoint","urlTemplate":"https:\/\/malariabehaviorsurvey.org\/?s={search_term_string}"},"query-input":{"@type":"PropertyValueSpecification","valueRequired":true,"valueName":"search_term_string"}}],"inLanguage":"pt-PT"}]}},"amp_enabled":false,"_links":{"self":[{"href":"https:\/\/malariabehaviorsurvey.org\/pt\/wp-json\/wp\/v2\/pages\/4690","targetHints":{"allow":["GET"]}}],"collection":[{"href":"https:\/\/malariabehaviorsurvey.org\/pt\/wp-json\/wp\/v2\/pages"}],"about":[{"href":"https:\/\/malariabehaviorsurvey.org\/pt\/wp-json\/wp\/v2\/types\/page"}],"author":[{"embeddable":true,"href":"https:\/\/malariabehaviorsurvey.org\/pt\/wp-json\/wp\/v2\/users\/8"}],"replies":[{"embeddable":true,"href":"https:\/\/malariabehaviorsurvey.org\/pt\/wp-json\/wp\/v2\/comments?post=4690"}],"version-history":[{"count":0,"href":"https:\/\/malariabehaviorsurvey.org\/pt\/wp-json\/wp\/v2\/pages\/4690\/revisions"}],"wp:attachment":[{"href":"https:\/\/malariabehaviorsurvey.org\/pt\/wp-json\/wp\/v2\/media?parent=4690"}],"curies":[{"name":"wp","href":"https:\/\/api.w.org\/{rel}","templated":true}]}}