{"id":2868,"date":"2020-05-06T19:08:55","date_gmt":"2020-05-06T19:08:55","guid":{"rendered":"https:\/\/malariabehaviorsurvey.org\/?page_id=2868"},"modified":"2020-05-06T19:20:54","modified_gmt":"2020-05-06T19:20:54","slug":"faqs","status":"publish","type":"page","link":"https:\/\/malariabehaviorsurvey.org\/pt\/faqs\/","title":{"rendered":"perguntas frequentes"},"content":{"rendered":"<p><div class=\"fusion-fullwidth fullwidth-box fusion-builder-row-1 nonhundred-percent-fullwidth non-hundred-percent-height-scrolling\" style=\"--awb-border-radius-top-left:0px;--awb-border-radius-top-right:0px;--awb-border-radius-bottom-right:0px;--awb-border-radius-bottom-left:0px;--awb-padding-top:3%;--awb-flex-wrap:wrap;\" ><div class=\"fusion-builder-row fusion-row\"><div class=\"fusion-layout-column fusion_builder_column fusion-builder-column-0 fusion_builder_column_1_1 1_1 fusion-one-full fusion-column-first fusion-column-last fusion-animated\" style=\"--awb-bg-size:cover;--awb-margin-top:0px;--awb-margin-bottom:0px;\" data-animationtype=\"fadeInLeft\" data-animationduration=\"0.8\" data-animationoffset=\"top-into-view\"><div class=\"fusion-column-wrapper fusion-column-has-shadow fusion-flex-column-wrapper-legacy\"><div class=\"fusion-text fusion-text-1\"><h3>Como \u00e9 o cronograma de planejamento para um MBS? Qu\u00e3o longe voc\u00ea deve come\u00e7ar a planejar?<\/h3>\n<ul>\n<li>O planejamento deve come\u00e7ar cerca de 6 a 7 meses antes da data em que desejamos iniciar a coleta de dados.<\/li>\n<li>A coleta de dados deve ocorrer durante ou logo ap\u00f3s a esta\u00e7\u00e3o chuvosa em cada \u00e1rea, conforme a acessibilidade permitir, reconhecendo a imprevisibilidade das chuvas.<\/li>\n<li>Reserve 8 semanas para a coleta de dados (especialmente se for uma pesquisa nacional)<\/li>\n<li>Aguarde 3 meses ap\u00f3s a coleta de dados para entrada de dados, limpeza e reda\u00e7\u00e3o do relat\u00f3rio preliminar.<\/li>\n<li>Cronograma geral = aproximadamente 10-12 meses.<\/li>\n<li>Consulte a linha do tempo que compartilhamos junto com as diretrizes do MBS (arquivo Excel) para obter mais detalhes.<\/li>\n<\/ul>\n<h3><b>Como voc\u00ea determina a estrat\u00e9gia de amostragem apropriada (o n\u00edvel de granularidade necess\u00e1rio)?<\/b><\/h3>\n<ul>\n<li>Isso \u00e9 discutido e decidido com o NMCP, PMI e BA, e se concentrar\u00e1 na utilidade dos dados (ou seja, em que n\u00edvel a detec\u00e7\u00e3o de diferen\u00e7as ser\u00e1 \u00fatil para informar as estrat\u00e9gias de SBC?)<\/li>\n<li>Para uma pesquisa nacional, recomenda-se a representatividade regional (agrupamento de \u00e1reas geopol\u00edticas de um pa\u00eds em um punhado de regi\u00f5es\/zonas)<\/li>\n<li>O agrupamento provavelmente seria baseado em zonas de transmiss\u00e3o de mal\u00e1ria, mas tamb\u00e9m pode considerar grupos culturais, disponibilidade de servi\u00e7os de mal\u00e1ria, considera\u00e7\u00f5es urbanas\/rurais.<\/li>\n<li>A orienta\u00e7\u00e3o sobre isso \u00e9 detalhada nas Diretrizes de Implementa\u00e7\u00e3o do MBS<\/li>\n<li>Uma vez decidido o n\u00edvel de granularidade, os c\u00e1lculos do tamanho da amostra ser\u00e3o baseados na estrutura demogr\u00e1fica das zonas e nas estimativas dos principais indicadores de MBS. Consulte as Diretrizes para obter mais detalhes.<\/li>\n<\/ul>\n<\/div><div class=\"fusion-clearfix\"><\/div><\/div><\/div><\/div><\/div><div class=\"fusion-fullwidth fullwidth-box fusion-builder-row-2 nonhundred-percent-fullwidth non-hundred-percent-height-scrolling subscribe-bar\" style=\"--awb-border-radius-top-left:0px;--awb-border-radius-top-right:0px;--awb-border-radius-bottom-right:0px;--awb-border-radius-bottom-left:0px;--awb-background-color:#eeeeee;--awb-flex-wrap:wrap;\" ><div class=\"fusion-builder-row fusion-row\"><div class=\"fusion-layout-column fusion_builder_column fusion-builder-column-1 fusion_builder_column_1_1 1_1 fusion-one-full fusion-column-first fusion-column-last\" style=\"--awb-bg-size:cover;\"><div class=\"fusion-column-wrapper fusion-column-has-shadow fusion-flex-column-wrapper-legacy\"><div class=\"fusion-clearfix\"><\/div><\/div><\/div><\/div><\/div><\/p>","protected":false},"excerpt":{"rendered":"","protected":false},"author":5,"featured_media":0,"parent":0,"menu_order":0,"comment_status":"closed","ping_status":"closed","template":"100-width.php","meta":{"footnotes":""},"class_list":["post-2868","page","type-page","status-publish","hentry"],"yoast_head":"<!-- This site is optimized with the Yoast SEO plugin v24.7 - https:\/\/yoast.com\/wordpress\/plugins\/seo\/ -->\n<title>FAQs - Malaria Behavior Survey<\/title>\n<meta name=\"robots\" content=\"index, follow, max-snippet:-1, max-image-preview:large, max-video-preview:-1\" \/>\n<link rel=\"canonical\" href=\"https:\/\/malariabehaviorsurvey.org\/pt\/faqs\/\" \/>\n<meta property=\"og:locale\" content=\"pt_PT\" \/>\n<meta property=\"og:type\" content=\"article\" \/>\n<meta property=\"og:title\" content=\"FAQs - Malaria Behavior Survey\" \/>\n<meta property=\"og:url\" content=\"https:\/\/malariabehaviorsurvey.org\/pt\/faqs\/\" \/>\n<meta property=\"og:site_name\" content=\"Malaria Behavior Survey\" \/>\n<meta property=\"article:modified_time\" content=\"2020-05-06T19:20:54+00:00\" \/>\n<meta name=\"twitter:card\" content=\"summary_large_image\" \/>\n<meta name=\"twitter:label1\" content=\"Tempo estimado de leitura\" \/>\n\t<meta name=\"twitter:data1\" content=\"5 minutos\" \/>\n<script type=\"application\/ld+json\" class=\"yoast-schema-graph\">{\"@context\":\"https:\/\/schema.org\",\"@graph\":[{\"@type\":\"WebPage\",\"@id\":\"https:\/\/malariabehaviorsurvey.org\/faqs\/\",\"url\":\"https:\/\/malariabehaviorsurvey.org\/faqs\/\",\"name\":\"FAQs - Malaria Behavior Survey\",\"isPartOf\":{\"@id\":\"https:\/\/malariabehaviorsurvey.org\/#website\"},\"datePublished\":\"2020-05-06T19:08:55+00:00\",\"dateModified\":\"2020-05-06T19:20:54+00:00\",\"breadcrumb\":{\"@id\":\"https:\/\/malariabehaviorsurvey.org\/faqs\/#breadcrumb\"},\"inLanguage\":\"pt-PT\",\"potentialAction\":[{\"@type\":\"ReadAction\",\"target\":[\"https:\/\/malariabehaviorsurvey.org\/faqs\/\"]}]},{\"@type\":\"BreadcrumbList\",\"@id\":\"https:\/\/malariabehaviorsurvey.org\/faqs\/#breadcrumb\",\"itemListElement\":[{\"@type\":\"ListItem\",\"position\":1,\"name\":\"Home\",\"item\":\"https:\/\/malariabehaviorsurvey.org\/\"},{\"@type\":\"ListItem\",\"position\":2,\"name\":\"FAQs\"}]},{\"@type\":\"WebSite\",\"@id\":\"https:\/\/malariabehaviorsurvey.org\/#website\",\"url\":\"https:\/\/malariabehaviorsurvey.org\/\",\"name\":\"Malaria Behavior Survey\",\"description\":\"\",\"potentialAction\":[{\"@type\":\"SearchAction\",\"target\":{\"@type\":\"EntryPoint\",\"urlTemplate\":\"https:\/\/malariabehaviorsurvey.org\/?s={search_term_string}\"},\"query-input\":{\"@type\":\"PropertyValueSpecification\",\"valueRequired\":true,\"valueName\":\"search_term_string\"}}],\"inLanguage\":\"pt-PT\"}]}<\/script>\n<!-- \/ Yoast SEO plugin. -->","yoast_head_json":{"title":"FAQs - Malaria Behavior Survey","robots":{"index":"index","follow":"follow","max-snippet":"max-snippet:-1","max-image-preview":"max-image-preview:large","max-video-preview":"max-video-preview:-1"},"canonical":"https:\/\/malariabehaviorsurvey.org\/pt\/faqs\/","og_locale":"pt_PT","og_type":"article","og_title":"FAQs - Malaria Behavior Survey","og_url":"https:\/\/malariabehaviorsurvey.org\/pt\/faqs\/","og_site_name":"Malaria Behavior Survey","article_modified_time":"2020-05-06T19:20:54+00:00","twitter_card":"summary_large_image","twitter_misc":{"Tempo estimado de leitura":"5 minutos"},"schema":{"@context":"https:\/\/schema.org","@graph":[{"@type":"WebPage","@id":"https:\/\/malariabehaviorsurvey.org\/faqs\/","url":"https:\/\/malariabehaviorsurvey.org\/faqs\/","name":"FAQs - Malaria Behavior Survey","isPartOf":{"@id":"https:\/\/malariabehaviorsurvey.org\/#website"},"datePublished":"2020-05-06T19:08:55+00:00","dateModified":"2020-05-06T19:20:54+00:00","breadcrumb":{"@id":"https:\/\/malariabehaviorsurvey.org\/faqs\/#breadcrumb"},"inLanguage":"pt-PT","potentialAction":[{"@type":"ReadAction","target":["https:\/\/malariabehaviorsurvey.org\/faqs\/"]}]},{"@type":"BreadcrumbList","@id":"https:\/\/malariabehaviorsurvey.org\/faqs\/#breadcrumb","itemListElement":[{"@type":"ListItem","position":1,"name":"Home","item":"https:\/\/malariabehaviorsurvey.org\/"},{"@type":"ListItem","position":2,"name":"FAQs"}]},{"@type":"WebSite","@id":"https:\/\/malariabehaviorsurvey.org\/#website","url":"https:\/\/malariabehaviorsurvey.org\/","name":"Malaria Behavior Survey","description":"","potentialAction":[{"@type":"SearchAction","target":{"@type":"EntryPoint","urlTemplate":"https:\/\/malariabehaviorsurvey.org\/?s={search_term_string}"},"query-input":{"@type":"PropertyValueSpecification","valueRequired":true,"valueName":"search_term_string"}}],"inLanguage":"pt-PT"}]}},"amp_enabled":false,"_links":{"self":[{"href":"https:\/\/malariabehaviorsurvey.org\/pt\/wp-json\/wp\/v2\/pages\/2868","targetHints":{"allow":["GET"]}}],"collection":[{"href":"https:\/\/malariabehaviorsurvey.org\/pt\/wp-json\/wp\/v2\/pages"}],"about":[{"href":"https:\/\/malariabehaviorsurvey.org\/pt\/wp-json\/wp\/v2\/types\/page"}],"author":[{"embeddable":true,"href":"https:\/\/malariabehaviorsurvey.org\/pt\/wp-json\/wp\/v2\/users\/5"}],"replies":[{"embeddable":true,"href":"https:\/\/malariabehaviorsurvey.org\/pt\/wp-json\/wp\/v2\/comments?post=2868"}],"version-history":[{"count":0,"href":"https:\/\/malariabehaviorsurvey.org\/pt\/wp-json\/wp\/v2\/pages\/2868\/revisions"}],"wp:attachment":[{"href":"https:\/\/malariabehaviorsurvey.org\/pt\/wp-json\/wp\/v2\/media?parent=2868"}],"curies":[{"name":"wp","href":"https:\/\/api.w.org\/{rel}","templated":true}]}}